{"id":5475,"date":"2021-10-01T13:01:38","date_gmt":"2021-10-01T13:01:38","guid":{"rendered":"https:\/\/the7.io\/business-advisors\/?page_id=5475"},"modified":"2023-11-28T11:20:10","modified_gmt":"2023-11-28T10:20:10","slug":"impressum-datenschutz","status":"publish","type":"page","link":"https:\/\/www.ramharter-immobilien.at\/?page_id=5475","title":{"rendered":"Impressum \/ Datenschutz"},"content":{"rendered":"\t\t<div data-elementor-type=\"wp-page\" data-elementor-id=\"5475\" class=\"elementor elementor-5475\" data-elementor-post-type=\"page\">\n\t\t\t\t\t\t\t\t\t<section class=\"elementor-section elementor-top-section elementor-element elementor-element-bd9e9d3 elementor-section-boxed elementor-section-height-default elementor-section-height-default\" data-id=\"bd9e9d3\" data-element_type=\"section\">\n\t\t\t\t\t\t<div class=\"elementor-container elementor-column-gap-wider\">\n\t\t\t\t\t<div class=\"elementor-column elementor-col-100 elementor-top-column elementor-element elementor-element-94c5a7a\" data-id=\"94c5a7a\" data-element_type=\"column\">\n\t\t\t<div class=\"elementor-widget-wrap elementor-element-populated\">\n\t\t\t\t\t\t\t\t<div class=\"elementor-element elementor-element-166dd67 elementor-widget elementor-widget-text-editor\" data-id=\"166dd67\" data-element_type=\"widget\" data-widget_type=\"text-editor.default\">\n\t\t\t\t<div class=\"elementor-widget-container\">\n\t\t\t\t\t\t\t<p><strong>Impressum<\/strong><br \/>gem. \u00a7 25 ff. Mediengesetz und E-Commerce-Gesetz (ECG) der Republik \u00d6sterreich<\/p><p style=\"font-style: inherit; font-weight: inherit;\">\u00a0<\/p><p style=\"font-style: inherit; font-weight: inherit;\"><strong style=\"font-style: inherit;\">Medieninhaber:<\/strong><\/p><p style=\"font-style: inherit; font-weight: inherit;\">Ramharter Immobilien GmbH<br \/>Waidhofner Stra\u00dfe 48<br \/>A-3300 Amstetten<\/p><p style=\"font-style: inherit; font-weight: inherit;\">UID: ATU66044559<\/p><p style=\"font-style: inherit; font-weight: inherit;\">\u00a0<\/p><p style=\"font-style: inherit; font-weight: inherit;\"><strong style=\"font-style: inherit;\">Haftungsausschluss:<\/strong><\/p><p style=\"font-style: inherit; font-weight: inherit;\">Diese Website dient der Firmenpr\u00e4sentation. F\u00fcr die Richtigkeit der Angaben, bzw. Inhalte und Informationen, die \u00fcber Links zu anderen Websites erreichbar sind, wird keine Haftung \u00fcbernommen!<\/p><p style=\"font-style: inherit; font-weight: inherit;\"><strong style=\"font-style: inherit;\">Urheberrecht:<\/strong><\/p><p style=\"font-style: inherit; font-weight: inherit;\">Eine Verwertung der urheberrechtlich gesch\u00fctzten Beitr\u00e4ge und Abbildungen durch Dritte, insbesondere durch Vervielf\u00e4ltigung und\/oder Verbreitung ist ohne vorherige schriftliche Genehmigung des Betreibers unzul\u00e4ssig und strafbar. Eine Einspeicherung und\/oder Verarbeitung der in dieser Seite enthaltenen Beitr\u00e4ge in Datensysteme, ist ohne Zustimmung ebenfalls unzul\u00e4ssig. Ausgenommen von dieser Bestimmung sind Bilder und Fotos, deren Verwendung im Zuge der Indexierung durch Suchmaschinen von diesen in Ihren Katalogen aufgef\u00fchrt werden. Eine Weiterverwendung dieser Bilder durch Dritte ist ohne vorhergehende, schriftliche Genehmigung des Medieninhabers ebenfalls unzul\u00e4ssig.<\/p><p><strong>DATENSCHUTZERKL\u00c4RUNG<\/strong><\/p><p>Der Schutz Ihrer pers\u00f6nlichen Daten ist uns ein besonderes Anliegen. Wir verarbeiten Ihre Daten daher ausschlie\u00dflich auf Grundlage der gesetzlichen Bestimmungen (DSGVO, TKG 2003). In dieser Datenschutzerkl\u00e4rung informieren wir Sie \u00fcber die wichtigsten Aspekte der Datenverarbeitung im Rahmen unserer Website.<\/p><p><strong><br \/>Erfassung allgemeiner Informationen<br \/><\/strong>Wenn Sie auf unsere Webseite zugreifen, werden automatisch allgemeine Informationen in Server-Logfiles erfasst. Dazu z\u00e4hlen etwa die Art des Webbrowsers, das verwendete Betriebssystem, den Domainnamen Ihres Internet Service Providers und \u00e4hnliche Angaben. Diese Informationen lassen keine R\u00fcckschl\u00fcsse auf Ihre Person zu, sind jedoch technisch notwendig, um von Ihnen angeforderte Inhalte auf der Website korrekt auszuliefern und fallen bei Nutzung des Internets zwingend an. Anonyme Informationen dieser Art werden statistisch ausgewertet, um unseren Internetauftritt zu optimieren.<\/p><p><strong><br \/>Kontakt mit unserem Unternehmen<br \/><\/strong>Wenn Sie per E-Mail Kontakt mit uns aufnehmen, werden Ihre angegebenen Daten zwecks Bearbeitung der Anfrage und f\u00fcr den Fall von Anschlussfragen sechs Monate bei uns gespeichert. Diese Daten geben wir nicht ohne Ihre Einwilligung weiter.<\/p><p><strong><br \/>Cookies<br \/><\/strong>Unsere Website verwendet so genannte Cookies. Dabei handelt es sich um kleine Textdateien, die mit Hilfe des Browsers auf Ihrem Endger\u00e4t abgelegt werden. Sie richten keinen Schaden an, denn sie k\u00f6nnen keine Schadsoftware oder Viren \u00fcbertragen. Wir nutzen Cookies dazu, unser Angebot nutzerfreundlich zu gestalten. Einige Cookies bleiben auf Ihrem Endger\u00e4t gespeichert, bis Sie diese l\u00f6schen. Sie erm\u00f6glichen es uns, Ihren Browser beim n\u00e4chsten Besuch wiederzuerkennen. Wenn Sie dies nicht w\u00fcnschen, so k\u00f6nnen Sie Ihren Browser so einrichten, dass er Sie \u00fcber das Setzen von Cookies informiert und Sie dies nur im Einzelfall erlauben. Bei der Deaktivierung von Cookies kann die Funktionalit\u00e4t unserer Website eingeschr\u00e4nkt sein.<\/p><p><strong><br \/>Web-Analyse<br \/><\/strong>Unsere Website verwendet Funktionen des Webanalysedienstes Google Analytics (GA) von Google LLC (1600 Amphitheatre Parkway, Mountain View, CA 94043, USA). Dazu werden Cookies verwendet, die eine Analyse der Benutzung der Website durch Ihre Benutzer erm\u00f6glicht. Die dadurch erzeugten Informationen werden auf den Server des Anbieters \u00fcbertragen und dort gespeichert.<\/p><p>Im Falle der Aktivierung der IP-Anonymisierung auf dieser Webseite, wird Ihre IP-Adresse von Google jedoch innerhalb von Mitgliedstaaten der Europ\u00e4ischen Union oder in anderen Vertragsstaaten des Abkommens \u00fcber den Europ\u00e4ischen Wirtschaftsraum zuvor gek\u00fcrzt. Nur in Ausnahmef\u00e4llen wird die volle IP-Adresse an einen Server von Google in den USA \u00fcbertragen und dort gek\u00fcrzt. Die IP-Anonymisierung ist auf dieser Website aktiv. Im Auftrag des Betreibers dieser Website wird Google diese Informationen benutzen, um Ihre Nutzung der Website auszuwerten, um Reports \u00fcber die Websiteaktivit\u00e4ten zusammenzustellen und um weitere mit der Websitenutzung und der Internetnutzung verbundene Dienstleistungen gegen\u00fcber dem Websitebetreiber zu erbringen. Sie k\u00f6nnen dies verhindern, indem Sie Ihren Browser so einrichten, dass keine Cookies gespeichert werden.<\/p><p>Die Beziehung zum Webanalyseanbieter basiert auf einem Angemessenheitsbeschluss der Europ\u00e4ischen Kommission (\u201ePrivacy Shield\u201c). Die Datenverarbeitung erfolgt auf Basis der gesetzlichen Bestimmungen des \u00a7 96 Abs 3 TKG sowie des Art 6 Abs 1 lit a (Einwilligung) und\/oder f (berechtigtes Interesse) der DSGVO. Unser Anliegen im Sinne der DSGVO (berechtigtes Interesse) ist die Verbesserung unseres Webauftritts.<\/p><p>Sie k\u00f6nnen die f\u00fcr Google Analytics ben\u00f6tigen Cookies durch entsprechende Einstellungen Ihres Webbrowsers deaktivieren. Zudem k\u00f6nnen Sie die Erfassung der durch die Cookies erzeugten und auf Ihre Nutzung der Webseite bezogenen Daten an Google sowie die Verarbeitung dieser Daten durch Google verhindern, indem folgendes Browser-Add-on zur Deaktivierung von Google Analytics herunterladen und verwenden:\u00a0<a href=\"http:\/\/tools.google.com\/dlpage\/gaoptout?hl=de\" target=\"_blank\" rel=\"noopener noreferrer\">http:\/\/tools.google.com\/dlpage\/gaoptout?hl=de<\/a><\/p><p><strong><br \/>Verwendung von Scriptbibliotheken (Google Webfonts)<br \/><\/strong>Um die Inhalte unserer Website in unterschiedlichen Browsern auf verschiedensten Endger\u00e4ten korrekt und grafisch ansprechend darzustellen, verwenden wir auf unserer Website Script- und Schriftbibliotheken. Ein Beispiel daf\u00fcr ist Google Webfonts (https:\/\/www.google.com\/webfonts). Google Webfonts werden in den Cache Ihres Browsers \u00fcbertragen. Der Aufruf der Script- oder Schriftbibliotheken l\u00f6st automatisch eine Verbindung zum Betreiber der Bibliothek aus. Dabei ist es theoretisch m\u00f6glich \u2013 allerdings aktuell auch unklar ob und ggf. zu welchen Zwecken \u2013 dass Betreiber entsprechender Bibliotheken Daten erheben.<\/p><p>Die Datenschutzrichtlinie des Google Webfonts-Bibliothekbetreibers Google finden Sie hier:\u00a0<a href=\"https:\/\/www.google.com\/policies\/privacy\" target=\"_blank\" rel=\"noopener noreferrer\">https:\/\/www.google.com\/policies\/privacy<\/a><\/p><p><strong><br \/>Gewerbliche Werbung<br \/><\/strong>Die Verwendung unserer auf dieser Website angegebenen Kontaktdaten ist zur gewerblichen Werbung ausdr\u00fccklich nicht erw\u00fcnscht, ausgenommen wir erteilen dazu eine schriftliche Einwilligung. Die kommunikationsagentur. und-punkt. und alle auf dieser Website genannten Personen widersprechen hiermit jeder kommerziellen Verwendung und Weitergabe dieser Daten.<\/p><p><strong><br \/>Ihre Daten, Ihre Rechte<br \/><\/strong>Ihnen stehen grunds\u00e4tzlich die Rechte auf Auskunft, Berichtigung, L\u00f6schung, Einschr\u00e4nkung, Daten\u00fcbertragbarkeit, Widerruf und Widerspruch zu. Wenn Sie glauben, dass die Verarbeitung Ihrer Daten gegen das Datenschutzrecht verst\u00f6\u00dft oder Ihre datenschutzrechtlichen Anspr\u00fcche sonst in einer Weise verletzt worden sind, k\u00f6nnen Sie sich bei der Aufsichtsbeh\u00f6rde beschweren. In \u00d6sterreich ist dies die Datenschutzbeh\u00f6rde.<\/p><p><strong><br \/>Sie erreichen uns unter folgenden Kontaktdaten:<br \/><\/strong><\/p><p><strong>Ramharter Immobilien GmbH<\/strong><\/p><p>Waidhofner Strasse 48<br \/>3300 Amstetten<br \/>\u00d6sterreich<br \/>Tel: <a href=\"tel:+436644545777\">+43 664 454 57 77<\/a><br \/>Mail: <a href=\"mailto:office@ramharter-immobilien.at\">office@ramharter-immobilien.at<\/a><\/p><p>Stand: 1. Dezember 2023<\/p>\t\t\t\t\t\t<\/div>\n\t\t\t\t<\/div>\n\t\t\t\t\t<\/div>\n\t\t<\/div>\n\t\t\t\t\t\t\t<\/div>\n\t\t<\/section>\n\t\t\t\t\t\t\t<\/div>\n\t\t","protected":false},"excerpt":{"rendered":"<p>Impressumgem. \u00a7 25 ff. Mediengesetz und E-Commerce-Gesetz (ECG) der Republik \u00d6sterreich \u00a0 Medieninhaber: Ramharter Immobilien GmbHWaidhofner Stra\u00dfe 48A-3300 Amstetten UID: ATU66044559 \u00a0 Haftungsausschluss: Diese Website dient der Firmenpr\u00e4sentation. F\u00fcr die Richtigkeit der Angaben, bzw. Inhalte und Informationen, die \u00fcber Links zu anderen Websites erreichbar sind, wird keine Haftung \u00fcbernommen! Urheberrecht: Eine Verwertung der urheberrechtlich gesch\u00fctzten&hellip;<\/p>\n","protected":false},"author":1,"featured_media":0,"parent":0,"menu_order":800,"comment_status":"closed","ping_status":"closed","template":"","meta":{"footnotes":""},"class_list":["post-5475","page","type-page","status-publish","hentry"],"_links":{"self":[{"href":"https:\/\/www.ramharter-immobilien.at\/index.php?rest_route=\/wp\/v2\/pages\/5475","targetHints":{"allow":["GET"]}}],"collection":[{"href":"https:\/\/www.ramharter-immobilien.at\/index.php?rest_route=\/wp\/v2\/pages"}],"about":[{"href":"https:\/\/www.ramharter-immobilien.at\/index.php?rest_route=\/wp\/v2\/types\/page"}],"author":[{"embeddable":true,"href":"https:\/\/www.ramharter-immobilien.at\/index.php?rest_route=\/wp\/v2\/users\/1"}],"replies":[{"embeddable":true,"href":"https:\/\/www.ramharter-immobilien.at\/index.php?rest_route=%2Fwp%2Fv2%2Fcomments&post=5475"}],"version-history":[{"count":4,"href":"https:\/\/www.ramharter-immobilien.at\/index.php?rest_route=\/wp\/v2\/pages\/5475\/revisions"}],"predecessor-version":[{"id":9840,"href":"https:\/\/www.ramharter-immobilien.at\/index.php?rest_route=\/wp\/v2\/pages\/5475\/revisions\/9840"}],"wp:attachment":[{"href":"https:\/\/www.ramharter-immobilien.at\/index.php?rest_route=%2Fwp%2Fv2%2Fmedia&parent=5475"}],"curies":[{"name":"wp","href":"https:\/\/api.w.org\/{rel}","templated":true}]}}